{"id":118,"date":"2025-10-15T09:26:46","date_gmt":"2025-10-15T09:26:46","guid":{"rendered":"https:\/\/aprincipado.com\/index.php\/contact-us\/"},"modified":"2025-10-27T10:32:51","modified_gmt":"2025-10-27T10:32:51","slug":"nosotros","status":"publish","type":"page","link":"https:\/\/aprincipado.com\/index.php\/nosotros\/","title":{"rendered":"Nosotros"},"content":{"rendered":"\t\t<div data-elementor-type=\"wp-page\" data-elementor-id=\"118\" class=\"elementor elementor-118\" data-elementor-post-type=\"page\">\n\t\t\t\t\t\t<section data-particle_enable=\"false\" data-particle-mobile-disabled=\"false\" class=\"elementor-section elementor-top-section elementor-element elementor-element-0ef78f1 elementor-section-content-middle elementor-section-stretched elementor-section-full_width elementor-section-height-default elementor-section-height-default\" data-id=\"0ef78f1\" data-element_type=\"section\" data-settings=\"{&quot;stretch_section&quot;:&quot;section-stretched&quot;,&quot;background_background&quot;:&quot;classic&quot;}\">\n\t\t\t\t\t\t<div class=\"elementor-container elementor-column-gap-no\">\n\t\t\t\t\t<div class=\"elementor-column elementor-col-100 elementor-top-column elementor-element elementor-element-49562c6\" data-id=\"49562c6\" data-element_type=\"column\">\n\t\t\t<div class=\"elementor-widget-wrap elementor-element-populated\">\n\t\t\t\t\t\t<div class=\"elementor-element elementor-element-c2b7010 elementor-widget__width-auto elementor-widget-tablet__width-initial elementor-absolute elementor-widget elementor-widget-image\" data-id=\"c2b7010\" data-element_type=\"widget\" data-settings=\"{&quot;motion_fx_motion_fx_mouse&quot;:&quot;yes&quot;,&quot;motion_fx_mouseTrack_effect&quot;:&quot;yes&quot;,&quot;motion_fx_mouseTrack_speed&quot;:{&quot;unit&quot;:&quot;px&quot;,&quot;size&quot;:0.3,&quot;sizes&quot;:[]},&quot;_position&quot;:&quot;absolute&quot;}\" data-widget_type=\"image.default\">\n\t\t\t\t\t\t\t\t\t\t\t\t\t\t\t<img decoding=\"async\" width=\"179\" height=\"175\" src=\"https:\/\/aprincipado.com\/wp-content\/uploads\/2024\/03\/ca74c029-leaf-element.png\" class=\"attachment-full size-full wp-image-22\" alt=\"\" \/>\t\t\t\t\t\t\t\t\t\t\t\t\t\t\t<\/div>\n\t\t\t\t<div class=\"elementor-element elementor-element-93b2604 elementor-widget__width-auto elementor-absolute elementor-widget elementor-widget-image\" data-id=\"93b2604\" data-element_type=\"widget\" data-settings=\"{&quot;motion_fx_motion_fx_mouse&quot;:&quot;yes&quot;,&quot;motion_fx_mouseTrack_effect&quot;:&quot;yes&quot;,&quot;motion_fx_mouseTrack_speed&quot;:{&quot;unit&quot;:&quot;px&quot;,&quot;size&quot;:0.1,&quot;sizes&quot;:[]},&quot;_position&quot;:&quot;absolute&quot;}\" data-widget_type=\"image.default\">\n\t\t\t\t\t\t\t\t\t\t\t\t\t\t\t<img fetchpriority=\"high\" decoding=\"async\" width=\"1050\" height=\"768\" src=\"https:\/\/aprincipado.com\/wp-content\/uploads\/2025\/10\/avocado.png\" class=\"attachment-full size-full wp-image-221\" alt=\"\" srcset=\"https:\/\/aprincipado.com\/wp-content\/uploads\/2025\/10\/avocado.png 1050w, https:\/\/aprincipado.com\/wp-content\/uploads\/2025\/10\/avocado-600x439.png 600w, https:\/\/aprincipado.com\/wp-content\/uploads\/2025\/10\/avocado-300x219.png 300w, https:\/\/aprincipado.com\/wp-content\/uploads\/2025\/10\/avocado-1024x749.png 1024w, https:\/\/aprincipado.com\/wp-content\/uploads\/2025\/10\/avocado-768x562.png 768w\" sizes=\"(max-width: 1050px) 100vw, 1050px\" \/>\t\t\t\t\t\t\t\t\t\t\t\t\t\t\t<\/div>\n\t\t\t\t<section data-particle_enable=\"false\" data-particle-mobile-disabled=\"false\" class=\"elementor-section elementor-inner-section elementor-element elementor-element-00d6707 elementor-section-boxed elementor-section-height-default elementor-section-height-default elementor-invisible\" data-id=\"00d6707\" data-element_type=\"section\" data-settings=\"{&quot;animation&quot;:&quot;fadeInUp&quot;}\">\n\t\t\t\t\t\t<div class=\"elementor-container elementor-column-gap-no\">\n\t\t\t\t\t<div class=\"elementor-column elementor-col-100 elementor-inner-column elementor-element elementor-element-5f571c7 elementor-invisible\" data-id=\"5f571c7\" data-element_type=\"column\" data-settings=\"{&quot;animation&quot;:&quot;fadeInUp&quot;}\">\n\t\t\t<div class=\"elementor-widget-wrap elementor-element-populated\">\n\t\t\t\t\t\t<div class=\"elementor-element elementor-element-1f9cf69 elementor-widget elementor-widget-heading\" data-id=\"1f9cf69\" data-element_type=\"widget\" data-widget_type=\"heading.default\">\n\t\t\t\t\t<h2 class=\"elementor-heading-title elementor-size-default\">Nosotros<\/h2>\t\t\t\t<\/div>\n\t\t\t\t\t<\/div>\n\t\t<\/div>\n\t\t\t\t\t<\/div>\n\t\t<\/section>\n\t\t<div data-particle_enable=\"false\" data-particle-mobile-disabled=\"false\" class=\"elementor-element elementor-element-2ce44b4 e-flex e-con-boxed elementor-invisible e-con e-parent\" data-id=\"2ce44b4\" data-element_type=\"container\" data-settings=\"{&quot;animation&quot;:&quot;fadeInUp&quot;}\">\n\t\t\t\t\t<div class=\"e-con-inner\">\n\t\t<div data-particle_enable=\"false\" data-particle-mobile-disabled=\"false\" class=\"elementor-element elementor-element-2da9180 e-con-full e-flex e-con e-child\" data-id=\"2da9180\" data-element_type=\"container\">\n\t\t\t\t<div class=\"elementor-element elementor-element-c4d7d2b elementor-widget__width-initial elementor-widget elementor-widget-text-editor\" data-id=\"c4d7d2b\" data-element_type=\"widget\" data-widget_type=\"text-editor.default\">\n\t\t\t\t\t\t\t\t\t<p><strong>\u00bfC\u00f3mo surgi\u00f3 la idea?<\/strong><\/p><p>La idea del proyecto surge como la inquietud por investigar el desarrollo de tipos de \u00e1rboles inusuales en la regi\u00f3n de Asturias como es el aguacate. Se realiz\u00f3 una peque\u00f1a plantaci\u00f3n en dicha finca de unos 300 \u00e1rboles viendo en tan s\u00f3lo unos meses un desarrollo importante en los mismos.<\/p><p>El aguacate es un \u00e1rbol subtropical con una amplia adaptaci\u00f3n clim\u00e1tica siempre que no est\u00e9n en zonas bajo cero y fuera de heladas constantes y permanentes, en el caso del otro extremo, el calor, tambi\u00e9n pueden sufrir estr\u00e9s a partir de temperaturas superior a 37\u00baC. Las hojas del \u00e1rbol del aguacate son alternas y cori\u00e1ceas alcanzado casi los 40 cm de longitud con un color verde oscuro, tambi\u00e9n dependiendo de la variedad puede variar su color y anchura de la misma.<\/p><p>Las flores del \u00e1rbol del aguacate son peque\u00f1as y est\u00e1n agrupadas en pan\u00edculas, debiendo ser controladas en los a\u00f1os j\u00f3venes de la vida del \u00e1rbol para un crecimiento homog\u00e9neo en la estructura siendo estas de un color verdoso en sus 6 p\u00e9talos y dem\u00e1s partes, estas presentan dicogamia protog\u00ednica ya que las partes femeninas y masculinas maduran en tiempos diferentes.<\/p><p>La polinizaci\u00f3n se produce gracias a los insectos, particularmente las abejas y moscas y a una estructura \u201cHigh Front\u201d con \u00e1rboles de aguacate de tipo A y de tipo B.<\/p><p>En vista de esto, y aprovechando que en Asturias la necesidad de agua no es un problema principal y que las temperaturas que soporta este tipo de \u00e1rbol son compatibles con las que los registros de las administraciones arrojan en la zona donde se sit\u00faa la finca, se realiza una plantaci\u00f3n en unas 8,5 hect\u00e1reas de aguacate variedad Hass con una estructura High Front con variedad Bacon<\/p>\t\t\t\t\t\t\t\t<\/div>\n\t\t\t\t<\/div>\n\t\t\t\t\t<\/div>\n\t\t\t\t<\/div>\n\t\t\t\t<section data-particle_enable=\"false\" data-particle-mobile-disabled=\"false\" class=\"elementor-section elementor-inner-section elementor-element elementor-element-5de8b29 elementor-section-boxed elementor-section-height-default elementor-section-height-default\" data-id=\"5de8b29\" data-element_type=\"section\">\n\t\t\t\t\t\t<div class=\"elementor-container elementor-column-gap-no\">\n\t\t\t\t\t<div class=\"elementor-column elementor-col-100 elementor-inner-column elementor-element elementor-element-0c2d743\" data-id=\"0c2d743\" data-element_type=\"column\">\n\t\t\t<div class=\"elementor-widget-wrap elementor-element-populated\">\n\t\t\t\t\t\t<div class=\"elementor-element elementor-element-15b1660 elementor-widget elementor-widget-gallery\" data-id=\"15b1660\" data-element_type=\"widget\" data-settings=\"{&quot;lazyload&quot;:&quot;yes&quot;,&quot;gallery_layout&quot;:&quot;grid&quot;,&quot;columns&quot;:4,&quot;columns_tablet&quot;:2,&quot;columns_mobile&quot;:1,&quot;gap&quot;:{&quot;unit&quot;:&quot;px&quot;,&quot;size&quot;:10,&quot;sizes&quot;:[]},&quot;gap_tablet&quot;:{&quot;unit&quot;:&quot;px&quot;,&quot;size&quot;:10,&quot;sizes&quot;:[]},&quot;gap_mobile&quot;:{&quot;unit&quot;:&quot;px&quot;,&quot;size&quot;:10,&quot;sizes&quot;:[]},&quot;link_to&quot;:&quot;file&quot;,&quot;aspect_ratio&quot;:&quot;3:2&quot;,&quot;overlay_background&quot;:&quot;yes&quot;,&quot;content_hover_animation&quot;:&quot;fade-in&quot;}\" data-widget_type=\"gallery.default\">\n\t\t\t\t\t\t\t<div class=\"elementor-gallery__container\">\n\t\t\t\t\t\t\t<a class=\"e-gallery-item elementor-gallery-item elementor-animated-content\" href=\"https:\/\/aprincipado.com\/wp-content\/uploads\/2025\/10\/WhatsApp-Image-2025-10-17-at-18.44.41.jpeg\" data-elementor-open-lightbox=\"yes\" data-elementor-lightbox-slideshow=\"15b1660\" data-elementor-lightbox-title=\"WhatsApp Image 2025-10-17 at 18.44.41\" data-e-action-hash=\"#elementor-action%3Aaction%3Dlightbox%26settings%3DeyJpZCI6NjAwLCJ1cmwiOiJodHRwczpcL1wvYXByaW5jaXBhZG8uY29tXC93cC1jb250ZW50XC91cGxvYWRzXC8yMDI1XC8xMFwvV2hhdHNBcHAtSW1hZ2UtMjAyNS0xMC0xNy1hdC0xOC40NC40MS5qcGVnIiwic2xpZGVzaG93IjoiMTViMTY2MCJ9\">\n\t\t\t\t\t<div class=\"e-gallery-image elementor-gallery-item__image\" data-thumbnail=\"https:\/\/aprincipado.com\/wp-content\/uploads\/2025\/10\/WhatsApp-Image-2025-10-17-at-18.44.41-225x300.jpeg\" data-width=\"225\" data-height=\"300\" aria-label=\"\" role=\"img\" ><\/div>\n\t\t\t\t\t\t\t\t\t\t\t<div class=\"elementor-gallery-item__overlay\"><\/div>\n\t\t\t\t\t\t\t\t\t\t\t\t\t\t<\/a>\n\t\t\t\t\t\t\t<a class=\"e-gallery-item elementor-gallery-item elementor-animated-content\" href=\"https:\/\/aprincipado.com\/wp-content\/uploads\/2025\/10\/WhatsApp-Image-2025-10-17-at-18.41.14.jpeg\" data-elementor-open-lightbox=\"yes\" data-elementor-lightbox-slideshow=\"15b1660\" data-elementor-lightbox-title=\"WhatsApp Image 2025-10-17 at 18.41.14\" data-e-action-hash=\"#elementor-action%3Aaction%3Dlightbox%26settings%3DeyJpZCI6NTk5LCJ1cmwiOiJodHRwczpcL1wvYXByaW5jaXBhZG8uY29tXC93cC1jb250ZW50XC91cGxvYWRzXC8yMDI1XC8xMFwvV2hhdHNBcHAtSW1hZ2UtMjAyNS0xMC0xNy1hdC0xOC40MS4xNC5qcGVnIiwic2xpZGVzaG93IjoiMTViMTY2MCJ9\">\n\t\t\t\t\t<div class=\"e-gallery-image elementor-gallery-item__image\" data-thumbnail=\"https:\/\/aprincipado.com\/wp-content\/uploads\/2025\/10\/WhatsApp-Image-2025-10-17-at-18.41.14-225x300.jpeg\" data-width=\"225\" data-height=\"300\" aria-label=\"\" role=\"img\" ><\/div>\n\t\t\t\t\t\t\t\t\t\t\t<div class=\"elementor-gallery-item__overlay\"><\/div>\n\t\t\t\t\t\t\t\t\t\t\t\t\t\t<\/a>\n\t\t\t\t\t\t\t<a class=\"e-gallery-item elementor-gallery-item elementor-animated-content\" href=\"https:\/\/aprincipado.com\/wp-content\/uploads\/2025\/10\/WhatsApp-Image-2025-10-17-at-18.46.5011.jpeg\" data-elementor-open-lightbox=\"yes\" data-elementor-lightbox-slideshow=\"15b1660\" data-elementor-lightbox-title=\"WhatsApp Image 2025-10-17 at 18.46.5011\" data-e-action-hash=\"#elementor-action%3Aaction%3Dlightbox%26settings%3DeyJpZCI6NjAxLCJ1cmwiOiJodHRwczpcL1wvYXByaW5jaXBhZG8uY29tXC93cC1jb250ZW50XC91cGxvYWRzXC8yMDI1XC8xMFwvV2hhdHNBcHAtSW1hZ2UtMjAyNS0xMC0xNy1hdC0xOC40Ni41MDExLmpwZWciLCJzbGlkZXNob3ciOiIxNWIxNjYwIn0%3D\">\n\t\t\t\t\t<div class=\"e-gallery-image elementor-gallery-item__image\" data-thumbnail=\"https:\/\/aprincipado.com\/wp-content\/uploads\/2025\/10\/WhatsApp-Image-2025-10-17-at-18.46.5011-300x169.jpeg\" data-width=\"300\" data-height=\"169\" aria-label=\"\" role=\"img\" ><\/div>\n\t\t\t\t\t\t\t\t\t\t\t<div class=\"elementor-gallery-item__overlay\"><\/div>\n\t\t\t\t\t\t\t\t\t\t\t\t\t\t<\/a>\n\t\t\t\t\t\t\t<a class=\"e-gallery-item elementor-gallery-item elementor-animated-content\" href=\"https:\/\/aprincipado.com\/wp-content\/uploads\/2025\/10\/posible.jpeg\" data-elementor-open-lightbox=\"yes\" data-elementor-lightbox-slideshow=\"15b1660\" data-elementor-lightbox-title=\"posible\" data-e-action-hash=\"#elementor-action%3Aaction%3Dlightbox%26settings%3DeyJpZCI6NTc2LCJ1cmwiOiJodHRwczpcL1wvYXByaW5jaXBhZG8uY29tXC93cC1jb250ZW50XC91cGxvYWRzXC8yMDI1XC8xMFwvcG9zaWJsZS5qcGVnIiwic2xpZGVzaG93IjoiMTViMTY2MCJ9\">\n\t\t\t\t\t<div class=\"e-gallery-image elementor-gallery-item__image\" data-thumbnail=\"https:\/\/aprincipado.com\/wp-content\/uploads\/2025\/10\/posible-300x225.jpeg\" data-width=\"300\" data-height=\"225\" aria-label=\"\" role=\"img\" ><\/div>\n\t\t\t\t\t\t\t\t\t\t\t<div class=\"elementor-gallery-item__overlay\"><\/div>\n\t\t\t\t\t\t\t\t\t\t\t\t\t\t<\/a>\n\t\t\t\t\t\t\t<a class=\"e-gallery-item elementor-gallery-item elementor-animated-content\" href=\"https:\/\/aprincipado.com\/wp-content\/uploads\/2025\/10\/WhatsApp-Image-2025-10-17-at-18.49.54.jpeg\" data-elementor-open-lightbox=\"yes\" data-elementor-lightbox-slideshow=\"15b1660\" data-elementor-lightbox-title=\"WhatsApp Image 2025-10-17 at 18.49.54\" data-e-action-hash=\"#elementor-action%3Aaction%3Dlightbox%26settings%3DeyJpZCI6NjAyLCJ1cmwiOiJodHRwczpcL1wvYXByaW5jaXBhZG8uY29tXC93cC1jb250ZW50XC91cGxvYWRzXC8yMDI1XC8xMFwvV2hhdHNBcHAtSW1hZ2UtMjAyNS0xMC0xNy1hdC0xOC40OS41NC5qcGVnIiwic2xpZGVzaG93IjoiMTViMTY2MCJ9\">\n\t\t\t\t\t<div class=\"e-gallery-image elementor-gallery-item__image\" data-thumbnail=\"https:\/\/aprincipado.com\/wp-content\/uploads\/2025\/10\/WhatsApp-Image-2025-10-17-at-18.49.54-225x300.jpeg\" data-width=\"225\" data-height=\"300\" aria-label=\"\" role=\"img\" ><\/div>\n\t\t\t\t\t\t\t\t\t\t\t<div class=\"elementor-gallery-item__overlay\"><\/div>\n\t\t\t\t\t\t\t\t\t\t\t\t\t\t<\/a>\n\t\t\t\t\t\t\t<a class=\"e-gallery-item elementor-gallery-item elementor-animated-content\" href=\"https:\/\/aprincipado.com\/wp-content\/uploads\/2025\/10\/WhatsApp-Image-2025-10-17-at-18.49.54111.jpeg\" data-elementor-open-lightbox=\"yes\" data-elementor-lightbox-slideshow=\"15b1660\" data-elementor-lightbox-title=\"WhatsApp Image 2025-10-17 at 18.49.54111\" data-e-action-hash=\"#elementor-action%3Aaction%3Dlightbox%26settings%3DeyJpZCI6NjAzLCJ1cmwiOiJodHRwczpcL1wvYXByaW5jaXBhZG8uY29tXC93cC1jb250ZW50XC91cGxvYWRzXC8yMDI1XC8xMFwvV2hhdHNBcHAtSW1hZ2UtMjAyNS0xMC0xNy1hdC0xOC40OS41NDExMS5qcGVnIiwic2xpZGVzaG93IjoiMTViMTY2MCJ9\">\n\t\t\t\t\t<div class=\"e-gallery-image elementor-gallery-item__image\" data-thumbnail=\"https:\/\/aprincipado.com\/wp-content\/uploads\/2025\/10\/WhatsApp-Image-2025-10-17-at-18.49.54111-169x300.jpeg\" data-width=\"169\" data-height=\"300\" aria-label=\"\" role=\"img\" ><\/div>\n\t\t\t\t\t\t\t\t\t\t\t<div class=\"elementor-gallery-item__overlay\"><\/div>\n\t\t\t\t\t\t\t\t\t\t\t\t\t\t<\/a>\n\t\t\t\t\t\t\t<a class=\"e-gallery-item elementor-gallery-item elementor-animated-content\" href=\"https:\/\/aprincipado.com\/wp-content\/uploads\/2025\/10\/WhatsApp-Image-2025-10-17-at-18.50.49.jpeg\" data-elementor-open-lightbox=\"yes\" data-elementor-lightbox-slideshow=\"15b1660\" data-elementor-lightbox-title=\"WhatsApp Image 2025-10-17 at 18.50.49\" data-e-action-hash=\"#elementor-action%3Aaction%3Dlightbox%26settings%3DeyJpZCI6NjA0LCJ1cmwiOiJodHRwczpcL1wvYXByaW5jaXBhZG8uY29tXC93cC1jb250ZW50XC91cGxvYWRzXC8yMDI1XC8xMFwvV2hhdHNBcHAtSW1hZ2UtMjAyNS0xMC0xNy1hdC0xOC41MC40OS5qcGVnIiwic2xpZGVzaG93IjoiMTViMTY2MCJ9\">\n\t\t\t\t\t<div class=\"e-gallery-image elementor-gallery-item__image\" data-thumbnail=\"https:\/\/aprincipado.com\/wp-content\/uploads\/2025\/10\/WhatsApp-Image-2025-10-17-at-18.50.49-300x225.jpeg\" data-width=\"300\" data-height=\"225\" aria-label=\"\" role=\"img\" ><\/div>\n\t\t\t\t\t\t\t\t\t\t\t<div class=\"elementor-gallery-item__overlay\"><\/div>\n\t\t\t\t\t\t\t\t\t\t\t\t\t\t<\/a>\n\t\t\t\t\t\t\t<a class=\"e-gallery-item elementor-gallery-item elementor-animated-content\" href=\"https:\/\/aprincipado.com\/wp-content\/uploads\/2025\/10\/WhatsApp-Image-2025-10-17-at-18.51.43.jpeg\" data-elementor-open-lightbox=\"yes\" data-elementor-lightbox-slideshow=\"15b1660\" data-elementor-lightbox-title=\"WhatsApp Image 2025-10-17 at 18.51.43\" data-e-action-hash=\"#elementor-action%3Aaction%3Dlightbox%26settings%3DeyJpZCI6NjA1LCJ1cmwiOiJodHRwczpcL1wvYXByaW5jaXBhZG8uY29tXC93cC1jb250ZW50XC91cGxvYWRzXC8yMDI1XC8xMFwvV2hhdHNBcHAtSW1hZ2UtMjAyNS0xMC0xNy1hdC0xOC41MS40My5qcGVnIiwic2xpZGVzaG93IjoiMTViMTY2MCJ9\">\n\t\t\t\t\t<div class=\"e-gallery-image elementor-gallery-item__image\" data-thumbnail=\"https:\/\/aprincipado.com\/wp-content\/uploads\/2025\/10\/WhatsApp-Image-2025-10-17-at-18.51.43-300x225.jpeg\" data-width=\"300\" data-height=\"225\" aria-label=\"\" role=\"img\" ><\/div>\n\t\t\t\t\t\t\t\t\t\t\t<div class=\"elementor-gallery-item__overlay\"><\/div>\n\t\t\t\t\t\t\t\t\t\t\t\t\t\t<\/a>\n\t\t\t\t\t\t\t<a class=\"e-gallery-item elementor-gallery-item elementor-animated-content\" href=\"https:\/\/aprincipado.com\/wp-content\/uploads\/2025\/10\/WhatsApp-Image-2025-10-14-at-14.46.51-1.jpeg\" data-elementor-open-lightbox=\"yes\" data-elementor-lightbox-slideshow=\"15b1660\" data-elementor-lightbox-title=\"WhatsApp Image 2025-10-14 at 14.46.51\" data-e-action-hash=\"#elementor-action%3Aaction%3Dlightbox%26settings%3DeyJpZCI6NTk3LCJ1cmwiOiJodHRwczpcL1wvYXByaW5jaXBhZG8uY29tXC93cC1jb250ZW50XC91cGxvYWRzXC8yMDI1XC8xMFwvV2hhdHNBcHAtSW1hZ2UtMjAyNS0xMC0xNC1hdC0xNC40Ni41MS0xLmpwZWciLCJzbGlkZXNob3ciOiIxNWIxNjYwIn0%3D\">\n\t\t\t\t\t<div class=\"e-gallery-image elementor-gallery-item__image\" data-thumbnail=\"https:\/\/aprincipado.com\/wp-content\/uploads\/2025\/10\/WhatsApp-Image-2025-10-14-at-14.46.51-1-225x300.jpeg\" data-width=\"225\" data-height=\"300\" aria-label=\"\" role=\"img\" ><\/div>\n\t\t\t\t\t\t\t\t\t\t\t<div class=\"elementor-gallery-item__overlay\"><\/div>\n\t\t\t\t\t\t\t\t\t\t\t\t\t\t<\/a>\n\t\t\t\t\t\t\t<a class=\"e-gallery-item elementor-gallery-item elementor-animated-content\" href=\"https:\/\/aprincipado.com\/wp-content\/uploads\/2025\/10\/WhatsApp-Image-2025-10-14-at-14.46.511111-2.jpeg\" data-elementor-open-lightbox=\"yes\" data-elementor-lightbox-slideshow=\"15b1660\" data-elementor-lightbox-title=\"WhatsApp Image 2025-10-14 at 14.46.511111\" data-e-action-hash=\"#elementor-action%3Aaction%3Dlightbox%26settings%3DeyJpZCI6NTk4LCJ1cmwiOiJodHRwczpcL1wvYXByaW5jaXBhZG8uY29tXC93cC1jb250ZW50XC91cGxvYWRzXC8yMDI1XC8xMFwvV2hhdHNBcHAtSW1hZ2UtMjAyNS0xMC0xNC1hdC0xNC40Ni41MTExMTEtMi5qcGVnIiwic2xpZGVzaG93IjoiMTViMTY2MCJ9\">\n\t\t\t\t\t<div class=\"e-gallery-image elementor-gallery-item__image\" data-thumbnail=\"https:\/\/aprincipado.com\/wp-content\/uploads\/2025\/10\/WhatsApp-Image-2025-10-14-at-14.46.511111-2-225x300.jpeg\" data-width=\"225\" data-height=\"300\" aria-label=\"\" role=\"img\" ><\/div>\n\t\t\t\t\t\t\t\t\t\t\t<div class=\"elementor-gallery-item__overlay\"><\/div>\n\t\t\t\t\t\t\t\t\t\t\t\t\t\t<\/a>\n\t\t\t\t\t\t\t<a class=\"e-gallery-item elementor-gallery-item elementor-animated-content\" href=\"https:\/\/aprincipado.com\/wp-content\/uploads\/2025\/10\/WhatsApp-Image-2025-10-17-at-18.43.12.jpeg\" data-elementor-open-lightbox=\"yes\" data-elementor-lightbox-slideshow=\"15b1660\" data-elementor-lightbox-title=\"WhatsApp Image 2025-10-17 at 18.43.12\" data-e-action-hash=\"#elementor-action%3Aaction%3Dlightbox%26settings%3DeyJpZCI6NjA2LCJ1cmwiOiJodHRwczpcL1wvYXByaW5jaXBhZG8uY29tXC93cC1jb250ZW50XC91cGxvYWRzXC8yMDI1XC8xMFwvV2hhdHNBcHAtSW1hZ2UtMjAyNS0xMC0xNy1hdC0xOC40My4xMi5qcGVnIiwic2xpZGVzaG93IjoiMTViMTY2MCJ9\">\n\t\t\t\t\t<div class=\"e-gallery-image elementor-gallery-item__image\" data-thumbnail=\"https:\/\/aprincipado.com\/wp-content\/uploads\/2025\/10\/WhatsApp-Image-2025-10-17-at-18.43.12-300x225.jpeg\" data-width=\"300\" data-height=\"225\" aria-label=\"\" role=\"img\" ><\/div>\n\t\t\t\t\t\t\t\t\t\t\t<div class=\"elementor-gallery-item__overlay\"><\/div>\n\t\t\t\t\t\t\t\t\t\t\t\t\t\t<\/a>\n\t\t\t\t\t\t\t<a class=\"e-gallery-item elementor-gallery-item elementor-animated-content\" href=\"https:\/\/aprincipado.com\/wp-content\/uploads\/2025\/10\/WhatsApp-Image-2025-10-17-at-18.44.10.jpeg\" data-elementor-open-lightbox=\"yes\" data-elementor-lightbox-slideshow=\"15b1660\" data-elementor-lightbox-title=\"WhatsApp Image 2025-10-17 at 18.44.10\" data-e-action-hash=\"#elementor-action%3Aaction%3Dlightbox%26settings%3DeyJpZCI6NjA4LCJ1cmwiOiJodHRwczpcL1wvYXByaW5jaXBhZG8uY29tXC93cC1jb250ZW50XC91cGxvYWRzXC8yMDI1XC8xMFwvV2hhdHNBcHAtSW1hZ2UtMjAyNS0xMC0xNy1hdC0xOC40NC4xMC5qcGVnIiwic2xpZGVzaG93IjoiMTViMTY2MCJ9\">\n\t\t\t\t\t<div class=\"e-gallery-image elementor-gallery-item__image\" data-thumbnail=\"https:\/\/aprincipado.com\/wp-content\/uploads\/2025\/10\/WhatsApp-Image-2025-10-17-at-18.44.10-300x101.jpeg\" data-width=\"300\" data-height=\"101\" aria-label=\"\" role=\"img\" ><\/div>\n\t\t\t\t\t\t\t\t\t\t\t<div class=\"elementor-gallery-item__overlay\"><\/div>\n\t\t\t\t\t\t\t\t\t\t\t\t\t\t<\/a>\n\t\t\t\t\t<\/div>\n\t\t\t\t\t<\/div>\n\t\t\t\t\t<\/div>\n\t\t<\/div>\n\t\t\t\t\t<\/div>\n\t\t<\/section>\n\t\t\t\t\t<\/div>\n\t\t<\/div>\n\t\t\t\t\t<\/div>\n\t\t<\/section>\n\t\t\t\t<\/div>\n\t\t","protected":false},"excerpt":{"rendered":"<p>Nosotros \u00bfC\u00f3mo surgi\u00f3 la idea? La idea del proyecto surge como la inquietud por investigar el desarrollo de tipos de \u00e1rboles inusuales en la regi\u00f3n de Asturias como es el aguacate. Se realiz\u00f3 una peque\u00f1a plantaci\u00f3n en dicha finca de unos 300 \u00e1rboles viendo en tan s\u00f3lo unos meses un desarrollo importante en los mismos. [&hellip;]<\/p>\n","protected":false},"author":1,"featured_media":0,"parent":0,"menu_order":0,"comment_status":"closed","ping_status":"closed","template":"elementor_header_footer","meta":{"_eb_attr":"","footnotes":""},"class_list":["post-118","page","type-page","status-publish","hentry"],"_links":{"self":[{"href":"https:\/\/aprincipado.com\/index.php\/wp-json\/wp\/v2\/pages\/118","targetHints":{"allow":["GET"]}}],"collection":[{"href":"https:\/\/aprincipado.com\/index.php\/wp-json\/wp\/v2\/pages"}],"about":[{"href":"https:\/\/aprincipado.com\/index.php\/wp-json\/wp\/v2\/types\/page"}],"author":[{"embeddable":true,"href":"https:\/\/aprincipado.com\/index.php\/wp-json\/wp\/v2\/users\/1"}],"replies":[{"embeddable":true,"href":"https:\/\/aprincipado.com\/index.php\/wp-json\/wp\/v2\/comments?post=118"}],"version-history":[{"count":62,"href":"https:\/\/aprincipado.com\/index.php\/wp-json\/wp\/v2\/pages\/118\/revisions"}],"predecessor-version":[{"id":718,"href":"https:\/\/aprincipado.com\/index.php\/wp-json\/wp\/v2\/pages\/118\/revisions\/718"}],"wp:attachment":[{"href":"https:\/\/aprincipado.com\/index.php\/wp-json\/wp\/v2\/media?parent=118"}],"curies":[{"name":"wp","href":"https:\/\/api.w.org\/{rel}","templated":true}]}}